{"id":117,"date":"2019-07-25T19:27:54","date_gmt":"2019-07-25T17:27:54","guid":{"rendered":"https:\/\/calatorao.net\/?page_id=117"},"modified":"2019-10-17T18:07:54","modified_gmt":"2019-10-17T16:07:54","slug":"libros","status":"publish","type":"page","link":"https:\/\/calatorao.net\/?page_id=117","title":{"rendered":"Libros"},"content":{"rendered":"\n<p>Asociaci\u00f3n Barbacana Calatorao (1997). Im\u00e1genes de Calatorao. <em>149 p\u00e1ginas<\/em><\/p>\n\n\n\n<div class=\"wp-block-file\"><a href=\"https:\/\/calatorao.net\/wp-content\/uploads\/2019\/10\/libro-fotos-antiguas-comprimido.pdf\">Libro fotos antiguas<\/a><a href=\"https:\/\/calatorao.net\/wp-content\/uploads\/2019\/10\/libro-fotos-antiguas-comprimido.pdf\" class=\"wp-block-file__button\" download>Descarga<\/a><\/div>\n\n\n\n<p>Asociaci\u00f3n Barbacana\nCalatorao (2006). La imagen del Santo Cristo de Calatorao. Historia y valor\nart\u00edstico de la talla.<em> Cuadernos de\nBarbacana<\/em> n\u00ba 6. 115 p\u00e1ginas<\/p>\n\n\n\n<div class=\"wp-block-file\"><a href=\"https:\/\/calatorao.net\/wp-content\/uploads\/2019\/10\/libro-cristo-para-web-comprimido.pdf\">Libro Cristo<\/a><a href=\"https:\/\/calatorao.net\/wp-content\/uploads\/2019\/10\/libro-cristo-para-web-comprimido.pdf\" class=\"wp-block-file__button\" download>Descarga<\/a><\/div>\n\n\n\n<p>Asociaci\u00f3n Barbacana\nCalatorao (2014). Historia del Casino de Calatorao. <em>Cuadernos de Barbacana<\/em> n\u00ba 10. 186 p\u00e1ginas<\/p>\n\n\n\n<div class=\"wp-block-file\"><a href=\"https:\/\/calatorao.net\/wp-content\/uploads\/2019\/10\/libro-casino-para-web-comprimido.pdf\">libro casino<\/a><a href=\"https:\/\/calatorao.net\/wp-content\/uploads\/2019\/10\/libro-casino-para-web-comprimido.pdf\" class=\"wp-block-file__button\" download>Descarga<\/a><\/div>\n","protected":false},"excerpt":{"rendered":"<p>Asociaci\u00f3n Barbacana Calatorao (1997). Im\u00e1genes de Calatorao. 149 p\u00e1ginas Asociaci\u00f3n Barbacana Calatorao (2006). La imagen del Santo Cristo de Calatorao. Historia y valor art\u00edstico de la talla. Cuadernos de Barbacana n\u00ba 6. 115 p\u00e1ginas Asociaci\u00f3n Barbacana Calatorao (2014). Historia del Casino de Calatorao. Cuadernos de Barbacana n\u00ba 10. 186 p\u00e1ginas<\/p>\n","protected":false},"author":1,"featured_media":31,"parent":0,"menu_order":0,"comment_status":"closed","ping_status":"closed","template":"","meta":[],"_links":{"self":[{"href":"https:\/\/calatorao.net\/index.php?rest_route=\/wp\/v2\/pages\/117"}],"collection":[{"href":"https:\/\/calatorao.net\/index.php?rest_route=\/wp\/v2\/pages"}],"about":[{"href":"https:\/\/calatorao.net\/index.php?rest_route=\/wp\/v2\/types\/page"}],"author":[{"embeddable":true,"href":"https:\/\/calatorao.net\/index.php?rest_route=\/wp\/v2\/users\/1"}],"replies":[{"embeddable":true,"href":"https:\/\/calatorao.net\/index.php?rest_route=%2Fwp%2Fv2%2Fcomments&post=117"}],"version-history":[{"count":2,"href":"https:\/\/calatorao.net\/index.php?rest_route=\/wp\/v2\/pages\/117\/revisions"}],"predecessor-version":[{"id":992,"href":"https:\/\/calatorao.net\/index.php?rest_route=\/wp\/v2\/pages\/117\/revisions\/992"}],"wp:featuredmedia":[{"embeddable":true,"href":"https:\/\/calatorao.net\/index.php?rest_route=\/wp\/v2\/media\/31"}],"wp:attachment":[{"href":"https:\/\/calatorao.net\/index.php?rest_route=%2Fwp%2Fv2%2Fmedia&parent=117"}],"curies":[{"name":"wp","href":"https:\/\/api.w.org\/{rel}","templated":true}]}}