{"id":30,"date":"2019-07-25T14:15:41","date_gmt":"2019-07-25T12:15:41","guid":{"rendered":"https:\/\/calatorao.net\/?page_id=30"},"modified":"2019-09-25T10:46:24","modified_gmt":"2019-09-25T08:46:24","slug":"calatorao","status":"publish","type":"page","link":"https:\/\/calatorao.net\/?page_id=30","title":{"rendered":"Cuadernos de Barbacana"},"content":{"rendered":"\n<div class=\"wp-block-file\"><a href=\"https:\/\/calatorao.net\/wp-content\/uploads\/2019\/09\/1-Calatorao-Seravezza-1992.pdf\"> A\u00f1o 1.992 Asociaci\u00f3n Barbacana Calatorao. Jornadas de hermanamiento Calatorao Seravezza.    <em>3<\/em>6 p\u00e1ginas. <\/a><a href=\"https:\/\/calatorao.net\/wp-content\/uploads\/2019\/09\/1-Calatorao-Seravezza-1992.pdf\" class=\"wp-block-file__button\" download>Descarga<\/a><\/div>\n\n\n\n<div class=\"wp-block-file\"><a href=\"https:\/\/calatorao.net\/wp-content\/uploads\/2019\/09\/2-Cuaderno-de-Casto-Perez-1994.pdf\"> A\u00f1o 1994 Asociaci\u00f3n Barbacana Calatorao. Cuaderno de Casto Perez. 32 p\u00e1ginas <\/a><a href=\"https:\/\/calatorao.net\/wp-content\/uploads\/2019\/09\/2-Cuaderno-de-Casto-Perez-1994.pdf\" class=\"wp-block-file__button\" download>Descarga<\/a><\/div>\n\n\n\n<div class=\"wp-block-file\"><a href=\"https:\/\/calatorao.net\/wp-content\/uploads\/2019\/09\/3-Calatorao-en-la-epoca-de-Goya-1996.pdf\"> A\u00f1o 1.996 Asociaci\u00f3n Barbacana Calatorao. Calatorao en la \u00e9poca de Goya (1746-1828). 52 p\u00e1ginas. <\/a><a href=\"https:\/\/calatorao.net\/wp-content\/uploads\/2019\/09\/3-Calatorao-en-la-epoca-de-Goya-1996.pdf\" class=\"wp-block-file__button\" download>Descarga<\/a><\/div>\n\n\n\n<div class=\"wp-block-file\"><a href=\"https:\/\/calatorao.net\/wp-content\/uploads\/2019\/09\/4-Desde-mi-almena.-1998.pdf\">A\u00f1o 1998  Asociaci\u00f3n Barbacana Calatorao. Desde mi almena. 58 p\u00e1ginas <\/a><a href=\"https:\/\/calatorao.net\/wp-content\/uploads\/2019\/09\/4-Desde-mi-almena.-1998.pdf\" class=\"wp-block-file__button\" download>Descarga<\/a><\/div>\n\n\n\n<div class=\"wp-block-file\"><a href=\"https:\/\/calatorao.net\/wp-content\/uploads\/2019\/09\/5-Bruno-solano-torres-1999-1.pdf\">A\u00f1o 1.999  Asociaci\u00f3n Barbacana Calatorao Bruno Solano Torres  Nacido en Calatorao en 1840. Fundador de la Escuela de Qu\u00edmicas de Zaragoza.  24 p\u00e1ginas <\/a><a href=\"https:\/\/calatorao.net\/wp-content\/uploads\/2019\/09\/5-Bruno-solano-torres-1999-1.pdf\" class=\"wp-block-file__button\" download>Descarga<\/a><\/div>\n\n\n\n<div class=\"wp-block-file\"><a href=\"https:\/\/calatorao.net\/wp-content\/uploads\/2019\/09\/6-la-vida-de-los-habitantes-de-calatorao-2000.pdf\">A\u00f1o 2.000.  Asociaci\u00f3n Barbacana Calatorao.  La vida de los habitantes de Calatorao a lo largo de la historia.   70 p\u00e1ginas. <\/a><a href=\"https:\/\/calatorao.net\/wp-content\/uploads\/2019\/09\/6-la-vida-de-los-habitantes-de-calatorao-2000.pdf\" class=\"wp-block-file__button\" download>Descarga<\/a><\/div>\n\n\n\n<div class=\"wp-block-file\"><a href=\"https:\/\/calatorao.net\/wp-content\/uploads\/2019\/09\/7-mobiliario-y-enseres-de-la-cocina-tradicional-en-calatorao-2002.pdf\">A\u00f1o 2.002  Asociaci\u00f3n Barbacana Calatorao . Mobiliario y enseres de la cocina tradicional en Calatorao.  56 p\u00e1ginas. <\/a><a href=\"https:\/\/calatorao.net\/wp-content\/uploads\/2019\/09\/7-mobiliario-y-enseres-de-la-cocina-tradicional-en-calatorao-2002.pdf\" class=\"wp-block-file__button\" download>Descarga<\/a><\/div>\n\n\n\n<div class=\"wp-block-file\"><a href=\"https:\/\/calatorao.net\/wp-content\/uploads\/2019\/09\/8-xxv-aniversario-de-la-constitucion-de-1978-2003.pdf\">A\u00f1o 2.003  Asociaci\u00f3n Barbacana Calatorao. La historia constitucional espa\u00f1ola y sus repercusiones en el entorno social de Calatorao. XXV aniversario de la Constituci\u00f3n de 1978.  32 p\u00e1ginas <\/a><a href=\"https:\/\/calatorao.net\/wp-content\/uploads\/2019\/09\/8-xxv-aniversario-de-la-constitucion-de-1978-2003.pdf\" class=\"wp-block-file__button\" download>Descarga<\/a><\/div>\n\n\n\n<div class=\"wp-block-file\"><a href=\"https:\/\/calatorao.net\/wp-content\/uploads\/2019\/09\/9-calatorao-un-paseo-de-cine-2005.pdf\">A\u00f1o 2.005  Asociaci\u00f3n Barbacana Calatorao. Calatorao un paseo de cine. <\/a><a href=\"https:\/\/calatorao.net\/wp-content\/uploads\/2019\/09\/9-calatorao-un-paseo-de-cine-2005.pdf\" class=\"wp-block-file__button\" download>Descarga<\/a><\/div>\n\n\n\n<div class=\"wp-block-file\"><a href=\"https:\/\/calatorao.net\/wp-content\/uploads\/2019\/09\/10-identificacion-de-los-moriscos-de-calatorao-2009.pdf\">A\u00f1o 2.009.  Identificaci\u00f3n de los moriscos de Calatorao en el momento de la expulsi\u00f3n. Los apellidos de los calatorenses de 1572 a 1620.  Inmaculada S\u00e1nchez Tobajas.  88 p\u00e1ginas <\/a><a href=\"https:\/\/calatorao.net\/wp-content\/uploads\/2019\/09\/10-identificacion-de-los-moriscos-de-calatorao-2009.pdf\" class=\"wp-block-file__button\" download>Descarga<\/a><\/div>\n\n\n\n<div class=\"wp-block-file\"><a href=\"https:\/\/calatorao.net\/wp-content\/uploads\/2019\/09\/11-la-aljama-de-los-musulmanes-2009.pdf\">A\u00f1o 2.009  Asociaci\u00f3n Barbacana Calatorao (2009). La Aljama de los musulmanes de Calatorao nombra procurador (documento \u00e1rabe de 1445). Reproducci\u00f3n en fascimil del documento original de Ana Labarta G\u00f3mez. Revista Al-Qantara n\u00ba 9 (1988): 505-510.  20 p\u00e1ginas <\/a><a href=\"https:\/\/calatorao.net\/wp-content\/uploads\/2019\/09\/11-la-aljama-de-los-musulmanes-2009.pdf\" class=\"wp-block-file__button\" download>Descarga<\/a><\/div>\n\n\n\n<div class=\"wp-block-file\"><a href=\"https:\/\/calatorao.net\/wp-content\/uploads\/2019\/09\/12-los-moros-de-calatorao-lugar-aragones-de-senorio-en-los-siglos-2009.pdf\">2.009  Asociaci\u00f3n Barbacana Calatorao. Los moros de Calatorao, lugar aragon\u00e9s de se\u00f1or\u00edo en los siglos XIV y XV.. Reproducci\u00f3n en fascimil del documento original de Encarnaci\u00f3n Mar\u00edn Padilla. Revista Al-Qantara n\u00ba 9 (1988): 249-296. 124 p\u00e1ginas <\/a><a href=\"https:\/\/calatorao.net\/wp-content\/uploads\/2019\/09\/12-los-moros-de-calatorao-lugar-aragones-de-senorio-en-los-siglos-2009.pdf\" class=\"wp-block-file__button\" download>Descarga<\/a><\/div>\n\n\n\n<p>.<\/p>\n","protected":false},"excerpt":{"rendered":"<p>.<\/p>\n","protected":false},"author":1,"featured_media":0,"parent":0,"menu_order":0,"comment_status":"closed","ping_status":"closed","template":"","meta":[],"_links":{"self":[{"href":"https:\/\/calatorao.net\/index.php?rest_route=\/wp\/v2\/pages\/30"}],"collection":[{"href":"https:\/\/calatorao.net\/index.php?rest_route=\/wp\/v2\/pages"}],"about":[{"href":"https:\/\/calatorao.net\/index.php?rest_route=\/wp\/v2\/types\/page"}],"author":[{"embeddable":true,"href":"https:\/\/calatorao.net\/index.php?rest_route=\/wp\/v2\/users\/1"}],"replies":[{"embeddable":true,"href":"https:\/\/calatorao.net\/index.php?rest_route=%2Fwp%2Fv2%2Fcomments&post=30"}],"version-history":[{"count":14,"href":"https:\/\/calatorao.net\/index.php?rest_route=\/wp\/v2\/pages\/30\/revisions"}],"predecessor-version":[{"id":860,"href":"https:\/\/calatorao.net\/index.php?rest_route=\/wp\/v2\/pages\/30\/revisions\/860"}],"wp:attachment":[{"href":"https:\/\/calatorao.net\/index.php?rest_route=%2Fwp%2Fv2%2Fmedia&parent=30"}],"curies":[{"name":"wp","href":"https:\/\/api.w.org\/{rel}","templated":true}]}}