{"id":431,"date":"2019-09-04T17:22:48","date_gmt":"2019-09-04T15:22:48","guid":{"rendered":"https:\/\/calatorao.net\/?page_id=431"},"modified":"2019-09-12T18:35:06","modified_gmt":"2019-09-12T16:35:06","slug":"ermita-de-la-virgen-del-campo","status":"publish","type":"page","link":"https:\/\/calatorao.net\/?page_id=431","title":{"rendered":"Ermita de la Virgen del Campo"},"content":{"rendered":"\t\t<div data-elementor-type=\"wp-page\" data-elementor-id=\"431\" class=\"elementor elementor-431\">\n\t\t\t\t\t\t<div class=\"elementor-inner\">\n\t\t\t\t<div class=\"elementor-section-wrap\">\n\t\t\t\t\t\t\t\t\t<section class=\"elementor-section elementor-top-section elementor-element elementor-element-55bbb13c elementor-section-boxed elementor-section-height-default elementor-section-height-default\" data-id=\"55bbb13c\" data-element_type=\"section\">\n\t\t\t\t\t\t<div class=\"elementor-container elementor-column-gap-default\">\n\t\t\t\t\t\t\t<div class=\"elementor-row\">\n\t\t\t\t\t<div class=\"elementor-column elementor-col-100 elementor-top-column elementor-element elementor-element-78b91b54\" data-id=\"78b91b54\" data-element_type=\"column\">\n\t\t\t<div class=\"elementor-column-wrap elementor-element-populated\">\n\t\t\t\t\t\t\t<div class=\"elementor-widget-wrap\">\n\t\t\t\t\t\t<div class=\"elementor-element elementor-element-1d4c0f70 elementor-widget elementor-widget-text-editor\" data-id=\"1d4c0f70\" data-element_type=\"widget\" data-widget_type=\"text-editor.default\">\n\t\t\t\t<div class=\"elementor-widget-container\">\n\t\t\t\t\t\t\t\t<div class=\"elementor-text-editor elementor-clearfix\">\n\t\t\t\t<!-- wp:paragraph -->\n<p>En la dehesa boyal de El Romeral, pr\u00f3ximo al enlace\nentre el camino del cementerio y la nueva variante de la carretera, se\nencuentran las ruinas de la ermita de Santa Mar\u00eda del Campo, en la que, seg\u00fan\nla tradici\u00f3n, se apareci\u00f3 la Virgen Mar\u00eda a unos labradores. De ah\u00ed la\nevocaci\u00f3n a St\u00aa M\u00aa del Campo.<\/p>\n<!-- \/wp:paragraph -->\n\n<!-- wp:paragraph -->\n<p>Se pensaba que solo hab\u00eda unos muros hundidos, pero\nal observarla con im\u00e1genes sat\u00e9lite, vimos que se conservaba la estructura\nantigua de la ermita. Lo cual fue motivo de alegr\u00eda y represent\u00f3 el inicio de\nla recuperaci\u00f3n de este espacio patrimonial de Calatorao.\n\nActualmente\nBarbacana y el Ayuntamiento han iniciado las primeras negociaciones para poder\nrealizar prospecciones arqueol\u00f3gicas en las ruinas de la ermita, para su puesta\nen valor, a la vez que contin\u00faa con las investigaciones para conocer m\u00e1s datos\nsobre la historia de este lugar de Calatorao.\n\n\n\n<\/p>\n<!-- \/wp:paragraph -->\t\t\t\t\t<\/div>\n\t\t\t\t\t\t<\/div>\n\t\t\t\t<\/div>\n\t\t\t\t\t\t<\/div>\n\t\t\t\t\t<\/div>\n\t\t<\/div>\n\t\t\t\t\t\t\t\t<\/div>\n\t\t\t\t\t<\/div>\n\t\t<\/section>\n\t\t\t\t<section class=\"elementor-section elementor-top-section elementor-element elementor-element-832639d elementor-section-boxed elementor-section-height-default elementor-section-height-default\" data-id=\"832639d\" data-element_type=\"section\">\n\t\t\t\t\t\t<div class=\"elementor-container elementor-column-gap-default\">\n\t\t\t\t\t\t\t<div class=\"elementor-row\">\n\t\t\t\t\t<div class=\"elementor-column elementor-col-100 elementor-top-column elementor-element elementor-element-3417d84\" data-id=\"3417d84\" data-element_type=\"column\">\n\t\t\t<div class=\"elementor-column-wrap elementor-element-populated\">\n\t\t\t\t\t\t\t<div class=\"elementor-widget-wrap\">\n\t\t\t\t\t\t<div class=\"elementor-element elementor-element-9911685 elementor-widget elementor-widget-image-gallery\" data-id=\"9911685\" data-element_type=\"widget\" data-widget_type=\"image-gallery.default\">\n\t\t\t\t<div class=\"elementor-widget-container\">\n\t\t\t\t\t<div class=\"elementor-image-gallery\">\n\t\t\t<div id='gallery-1' class='gallery galleryid-431 gallery-columns-5 gallery-size-thumbnail'><figure class='gallery-item'>\n\t\t\t<div class='gallery-icon portrait'>\n\t\t\t\t<a data-elementor-open-lightbox=\"yes\" data-elementor-lightbox-slideshow=\"9911685\" data-elementor-lightbox-title=\"programa fiestas ermita 2018\" e-action-hash=\"#elementor-action%3Aaction%3Dlightbox%26settings%3DeyJpZCI6Nzg3LCJ1cmwiOiJodHRwczpcL1wvY2FsYXRvcmFvLm5ldFwvd3AtY29udGVudFwvdXBsb2Fkc1wvMjAxOVwvMDlcL3Byb2dyYW1hLWZpZXN0YXMtZXJtaXRhLTIwMTguanBnIiwic2xpZGVzaG93IjoiOTkxMTY4NSJ9\" href='https:\/\/calatorao.net\/wp-content\/uploads\/2019\/09\/programa-fiestas-ermita-2018.jpg'><img width=\"68\" height=\"96\" src=\"https:\/\/calatorao.net\/wp-content\/uploads\/2019\/09\/programa-fiestas-ermita-2018.jpg\" class=\"attachment-thumbnail size-thumbnail\" alt=\"\" loading=\"lazy\" \/><\/a>\n\t\t\t<\/div><\/figure><figure class='gallery-item'>\n\t\t\t<div class='gallery-icon landscape'>\n\t\t\t\t<a data-elementor-open-lightbox=\"yes\" data-elementor-lightbox-slideshow=\"9911685\" data-elementor-lightbox-title=\"DSC_0323\" e-action-hash=\"#elementor-action%3Aaction%3Dlightbox%26settings%3DeyJpZCI6Nzg4LCJ1cmwiOiJodHRwczpcL1wvY2FsYXRvcmFvLm5ldFwvd3AtY29udGVudFwvdXBsb2Fkc1wvMjAxOVwvMDlcL0RTQ18wMzIzLmpwZyIsInNsaWRlc2hvdyI6Ijk5MTE2ODUifQ%3D%3D\" href='https:\/\/calatorao.net\/wp-content\/uploads\/2019\/09\/DSC_0323.jpg'><img width=\"128\" height=\"86\" src=\"https:\/\/calatorao.net\/wp-content\/uploads\/2019\/09\/DSC_0323.jpg\" class=\"attachment-thumbnail size-thumbnail\" alt=\"\" loading=\"lazy\" \/><\/a>\n\t\t\t<\/div><\/figure><figure class='gallery-item'>\n\t\t\t<div class='gallery-icon landscape'>\n\t\t\t\t<a data-elementor-open-lightbox=\"yes\" data-elementor-lightbox-slideshow=\"9911685\" data-elementor-lightbox-title=\"DSC_0325\" e-action-hash=\"#elementor-action%3Aaction%3Dlightbox%26settings%3DeyJpZCI6Nzg5LCJ1cmwiOiJodHRwczpcL1wvY2FsYXRvcmFvLm5ldFwvd3AtY29udGVudFwvdXBsb2Fkc1wvMjAxOVwvMDlcL0RTQ18wMzI1LmpwZyIsInNsaWRlc2hvdyI6Ijk5MTE2ODUifQ%3D%3D\" href='https:\/\/calatorao.net\/wp-content\/uploads\/2019\/09\/DSC_0325.jpg'><img width=\"128\" height=\"86\" src=\"https:\/\/calatorao.net\/wp-content\/uploads\/2019\/09\/DSC_0325.jpg\" class=\"attachment-thumbnail size-thumbnail\" alt=\"\" loading=\"lazy\" \/><\/a>\n\t\t\t<\/div><\/figure><figure class='gallery-item'>\n\t\t\t<div class='gallery-icon landscape'>\n\t\t\t\t<a data-elementor-open-lightbox=\"yes\" data-elementor-lightbox-slideshow=\"9911685\" data-elementor-lightbox-title=\"DSC_0326\" e-action-hash=\"#elementor-action%3Aaction%3Dlightbox%26settings%3DeyJpZCI6NzkwLCJ1cmwiOiJodHRwczpcL1wvY2FsYXRvcmFvLm5ldFwvd3AtY29udGVudFwvdXBsb2Fkc1wvMjAxOVwvMDlcL0RTQ18wMzI2LmpwZyIsInNsaWRlc2hvdyI6Ijk5MTE2ODUifQ%3D%3D\" href='https:\/\/calatorao.net\/wp-content\/uploads\/2019\/09\/DSC_0326.jpg'><img width=\"128\" height=\"86\" src=\"https:\/\/calatorao.net\/wp-content\/uploads\/2019\/09\/DSC_0326.jpg\" class=\"attachment-thumbnail size-thumbnail\" alt=\"\" loading=\"lazy\" \/><\/a>\n\t\t\t<\/div><\/figure><figure class='gallery-item'>\n\t\t\t<div class='gallery-icon landscape'>\n\t\t\t\t<a data-elementor-open-lightbox=\"yes\" data-elementor-lightbox-slideshow=\"9911685\" data-elementor-lightbox-title=\"ermita virgen del campo vista aerea dron edulan 2018\" e-action-hash=\"#elementor-action%3Aaction%3Dlightbox%26settings%3DeyJpZCI6NzkxLCJ1cmwiOiJodHRwczpcL1wvY2FsYXRvcmFvLm5ldFwvd3AtY29udGVudFwvdXBsb2Fkc1wvMjAxOVwvMDlcL2VybWl0YS12aXJnZW4tZGVsLWNhbXBvLXZpc3RhLWFlcmVhLWRyb24tZWR1bGFuLTIwMTguanBnIiwic2xpZGVzaG93IjoiOTkxMTY4NSJ9\" href='https:\/\/calatorao.net\/wp-content\/uploads\/2019\/09\/ermita-virgen-del-campo-vista-aerea-dron-edulan-2018.jpg'><img width=\"128\" height=\"80\" src=\"https:\/\/calatorao.net\/wp-content\/uploads\/2019\/09\/ermita-virgen-del-campo-vista-aerea-dron-edulan-2018.jpg\" class=\"attachment-thumbnail size-thumbnail\" alt=\"\" loading=\"lazy\" \/><\/a>\n\t\t\t<\/div><\/figure>\n\t\t<\/div>\n\t\t<\/div>\n\t\t\t\t<\/div>\n\t\t\t\t<\/div>\n\t\t\t\t\t\t<\/div>\n\t\t\t\t\t<\/div>\n\t\t<\/div>\n\t\t\t\t\t\t\t\t<\/div>\n\t\t\t\t\t<\/div>\n\t\t<\/section>\n\t\t\t\t\t\t\t\t\t<\/div>\n\t\t\t<\/div>\n\t\t\t\t\t<\/div>\n\t\t","protected":false},"excerpt":{"rendered":"<p>En la dehesa boyal de El Romeral, pr\u00f3ximo al enlace entre el camino del cementerio y la nueva variante de la carretera, se encuentran las ruinas de la ermita de Santa Mar\u00eda del Campo, en la que, seg\u00fan la tradici\u00f3n, se apareci\u00f3 la Virgen Mar\u00eda a unos labradores. De ah\u00ed la evocaci\u00f3n a St\u00aa M\u00aa &#8230; <a title=\"Ermita de la Virgen del Campo\" class=\"read-more\" href=\"https:\/\/calatorao.net\/?page_id=431\" aria-label=\"M\u00e1s en Ermita de la Virgen del Campo\">Leer m\u00e1s<\/a><\/p>\n","protected":false},"author":1,"featured_media":0,"parent":0,"menu_order":0,"comment_status":"closed","ping_status":"closed","template":"","meta":[],"_links":{"self":[{"href":"https:\/\/calatorao.net\/index.php?rest_route=\/wp\/v2\/pages\/431"}],"collection":[{"href":"https:\/\/calatorao.net\/index.php?rest_route=\/wp\/v2\/pages"}],"about":[{"href":"https:\/\/calatorao.net\/index.php?rest_route=\/wp\/v2\/types\/page"}],"author":[{"embeddable":true,"href":"https:\/\/calatorao.net\/index.php?rest_route=\/wp\/v2\/users\/1"}],"replies":[{"embeddable":true,"href":"https:\/\/calatorao.net\/index.php?rest_route=%2Fwp%2Fv2%2Fcomments&post=431"}],"version-history":[{"count":2,"href":"https:\/\/calatorao.net\/index.php?rest_route=\/wp\/v2\/pages\/431\/revisions"}],"predecessor-version":[{"id":792,"href":"https:\/\/calatorao.net\/index.php?rest_route=\/wp\/v2\/pages\/431\/revisions\/792"}],"wp:attachment":[{"href":"https:\/\/calatorao.net\/index.php?rest_route=%2Fwp%2Fv2%2Fmedia&parent=431"}],"curies":[{"name":"wp","href":"https:\/\/api.w.org\/{rel}","templated":true}]}}